{"id":4,"date":"2018-09-27T08:05:57","date_gmt":"2018-09-27T06:05:57","guid":{"rendered":"http:\/\/natureetlys.fr\/?page_id=4"},"modified":"2018-09-27T08:05:57","modified_gmt":"2018-09-27T06:05:57","slug":"mesange","status":"publish","type":"page","link":"https:\/\/natureetlys.fr\/?page_id=4","title":{"rendered":"M\u00e9sange"},"content":{"rendered":"<p>G\u00eete de la M\u00e9sange.<\/p>\n<p>Le premier !<\/p>\n","protected":false},"excerpt":{"rendered":"<p>G\u00eete de la M\u00e9sange. Le premier !<\/p>\n","protected":false},"author":1,"featured_media":0,"parent":0,"menu_order":0,"comment_status":"closed","ping_status":"closed","template":"","meta":{"footnotes":""},"class_list":["post-4","page","type-page","status-publish","hentry"],"_links":{"self":[{"href":"https:\/\/natureetlys.fr\/index.php?rest_route=\/wp\/v2\/pages\/4","targetHints":{"allow":["GET"]}}],"collection":[{"href":"https:\/\/natureetlys.fr\/index.php?rest_route=\/wp\/v2\/pages"}],"about":[{"href":"https:\/\/natureetlys.fr\/index.php?rest_route=\/wp\/v2\/types\/page"}],"author":[{"embeddable":true,"href":"https:\/\/natureetlys.fr\/index.php?rest_route=\/wp\/v2\/users\/1"}],"replies":[{"embeddable":true,"href":"https:\/\/natureetlys.fr\/index.php?rest_route=%2Fwp%2Fv2%2Fcomments&post=4"}],"version-history":[{"count":1,"href":"https:\/\/natureetlys.fr\/index.php?rest_route=\/wp\/v2\/pages\/4\/revisions"}],"predecessor-version":[{"id":5,"href":"https:\/\/natureetlys.fr\/index.php?rest_route=\/wp\/v2\/pages\/4\/revisions\/5"}],"wp:attachment":[{"href":"https:\/\/natureetlys.fr\/index.php?rest_route=%2Fwp%2Fv2%2Fmedia&parent=4"}],"curies":[{"name":"wp","href":"https:\/\/api.w.org\/{rel}","templated":true}]}}